{"id":310,"date":"2025-03-04T23:30:08","date_gmt":"2025-03-04T22:30:08","guid":{"rendered":"https:\/\/dev.belgawebsite.be\/toiturepro\/?page_id=310"},"modified":"2025-03-04T23:56:27","modified_gmt":"2025-03-04T22:56:27","slug":"toitures-traditionnelles","status":"publish","type":"page","link":"https:\/\/dev.belgawebsite.be\/toiturepro\/services\/toitures-traditionnelles\/","title":{"rendered":"Toitures traditionnelles"},"content":{"rendered":"\t\t<div data-elementor-type=\"wp-page\" data-elementor-id=\"310\" class=\"elementor elementor-310\">\n\t\t\t\t<div class=\"elementor-element elementor-element-50a3f2a e-flex e-con-boxed e-con e-parent\" data-id=\"50a3f2a\" data-element_type=\"container\" data-settings=\"{&quot;background_background&quot;:&quot;classic&quot;}\">\n\t\t\t\t\t<div class=\"e-con-inner\">\n\t\t<div class=\"elementor-element elementor-element-c3c638a e-con-full e-flex e-con e-child\" data-id=\"c3c638a\" data-element_type=\"container\">\n\t\t\t\t<div class=\"elementor-element elementor-element-10b0b74 animated-slow elementor-invisible elementor-widget elementor-widget-heading\" data-id=\"10b0b74\" data-element_type=\"widget\" data-settings=\"{&quot;_animation&quot;:&quot;fadeInDown&quot;,&quot;_animation_delay&quot;:&quot;200&quot;}\" data-widget_type=\"heading.default\">\n\t\t\t\t<div class=\"elementor-widget-container\">\n\t\t\t<h3 class=\"elementor-heading-title elementor-size-default\">Toitures traditionnelles\n<\/h3>\t\t<\/div>\n\t\t\t\t<\/div>\n\t\t\t\t<div class=\"elementor-element elementor-element-b381cd8 elementor-widget-divider--view-line elementor-widget elementor-widget-divider\" data-id=\"b381cd8\" data-element_type=\"widget\" data-widget_type=\"divider.default\">\n\t\t\t\t<div class=\"elementor-widget-container\">\n\t\t\t\t\t<div class=\"elementor-divider\">\n\t\t\t<span class=\"elementor-divider-separator\">\n\t\t\t\t\t\t<\/span>\n\t\t<\/div>\n\t\t\t\t<\/div>\n\t\t\t\t<\/div>\n\t\t\t\t<div class=\"elementor-element elementor-element-e1a9dc6 elementor-widget elementor-widget-spacer\" data-id=\"e1a9dc6\" data-element_type=\"widget\" data-widget_type=\"spacer.default\">\n\t\t\t\t<div class=\"elementor-widget-container\">\n\t\t\t\t\t<div class=\"elementor-spacer\">\n\t\t\t<div class=\"elementor-spacer-inner\"><\/div>\n\t\t<\/div>\n\t\t\t\t<\/div>\n\t\t\t\t<\/div>\n\t\t\t\t<\/div>\n\t\t\t\t\t<\/div>\n\t\t\t\t<\/div>\n\t\t<div class=\"elementor-element elementor-element-18db9fc e-flex e-con-boxed e-con e-parent\" data-id=\"18db9fc\" data-element_type=\"container\">\n\t\t\t\t\t<div class=\"e-con-inner\">\n\t\t<div class=\"elementor-element elementor-element-49bc924 e-con-full e-flex e-con e-child\" data-id=\"49bc924\" data-element_type=\"container\">\n\t\t\t\t<div class=\"elementor-element elementor-element-4446ba8 elementor-widget elementor-widget-text-editor\" data-id=\"4446ba8\" data-element_type=\"widget\" data-widget_type=\"text-editor.default\">\n\t\t\t\t<div class=\"elementor-widget-container\">\n\t\t\t\t\t\t\t<p>Nous concevons des toitures classiques en utilisant des mat\u00e9riaux de haute qualit\u00e9, tels que la tuile et l\u2019ardoise, afin d\u2019assurer une long\u00e9vit\u00e9 optimale et une parfaite int\u00e9gration \u00e0 l\u2019architecture de votre maison. Nos experts vous conseillent sur le choix des mat\u00e9riaux les plus adapt\u00e9s \u00e0 votre r\u00e9gion et \u00e0 vos pr\u00e9f\u00e9rences esth\u00e9tiques. Faites confiance \u00e0 notre savoir-faire pour une toiture solide, esth\u00e9tique et durable.<\/p>\t\t\t\t\t\t<\/div>\n\t\t\t\t<\/div>\n\t\t\t\t<div class=\"elementor-element elementor-element-efd2a8c elementor-widget elementor-widget-button\" data-id=\"efd2a8c\" data-element_type=\"widget\" data-widget_type=\"button.default\">\n\t\t\t\t<div class=\"elementor-widget-container\">\n\t\t\t\t\t\t\t<div class=\"elementor-button-wrapper\">\n\t\t\t\t\t<a class=\"elementor-button elementor-button-link elementor-size-sm\" href=\"https:\/\/dev.belgawebsite.be\/toiturepro\/#devis\">\n\t\t\t\t\t\t<span class=\"elementor-button-content-wrapper\">\n\t\t\t\t\t\t\t\t\t<span class=\"elementor-button-text\">Demandez un devis<\/span>\n\t\t\t\t\t<\/span>\n\t\t\t\t\t<\/a>\n\t\t\t\t<\/div>\n\t\t\t\t\t\t<\/div>\n\t\t\t\t<\/div>\n\t\t\t\t<\/div>\n\t\t<div class=\"elementor-element elementor-element-33476cc e-con-full e-flex e-con e-child\" data-id=\"33476cc\" data-element_type=\"container\">\n\t\t\t\t<div class=\"elementor-element elementor-element-c66cea7 elementor-widget elementor-widget-image\" data-id=\"c66cea7\" data-element_type=\"widget\" data-widget_type=\"image.default\">\n\t\t\t\t<div class=\"elementor-widget-container\">\n\t\t\t\t\t\t\t\t\t\t\t\t\t<img fetchpriority=\"high\" decoding=\"async\" width=\"800\" height=\"533\" src=\"https:\/\/dev.belgawebsite.be\/toiturepro\/wp-content\/uploads\/sites\/30\/2025\/02\/new-ceramic-house-roof-2022-10-20-01-18-18-RPV3J5M-a-1024x682.jpg\" class=\"attachment-large size-large wp-image-14\" alt=\"\" srcset=\"https:\/\/dev.belgawebsite.be\/toiturepro\/wp-content\/uploads\/sites\/30\/2025\/02\/new-ceramic-house-roof-2022-10-20-01-18-18-RPV3J5M-a-1024x682.jpg 1024w, https:\/\/dev.belgawebsite.be\/toiturepro\/wp-content\/uploads\/sites\/30\/2025\/02\/new-ceramic-house-roof-2022-10-20-01-18-18-RPV3J5M-a-300x200.jpg 300w, https:\/\/dev.belgawebsite.be\/toiturepro\/wp-content\/uploads\/sites\/30\/2025\/02\/new-ceramic-house-roof-2022-10-20-01-18-18-RPV3J5M-a-768x512.jpg 768w, https:\/\/dev.belgawebsite.be\/toiturepro\/wp-content\/uploads\/sites\/30\/2025\/02\/new-ceramic-house-roof-2022-10-20-01-18-18-RPV3J5M-a.jpg 1280w\" sizes=\"(max-width: 800px) 100vw, 800px\" \/>\t\t\t\t\t\t\t\t\t\t\t\t\t<\/div>\n\t\t\t\t<\/div>\n\t\t\t\t<div class=\"elementor-element elementor-element-638e32d elementor-absolute elementor-widget elementor-widget-image\" data-id=\"638e32d\" data-element_type=\"widget\" data-settings=\"{&quot;_position&quot;:&quot;absolute&quot;}\" data-widget_type=\"image.default\">\n\t\t\t\t<div class=\"elementor-widget-container\">\n\t\t\t\t\t\t\t\t\t\t\t\t\t<img decoding=\"async\" width=\"66\" height=\"67\" src=\"https:\/\/dev.belgawebsite.be\/toiturepro\/wp-content\/uploads\/sites\/30\/2025\/03\/Fichier-5.svg\" class=\"attachment-large size-large wp-image-313\" alt=\"\" \/>\t\t\t\t\t\t\t\t\t\t\t\t\t<\/div>\n\t\t\t\t<\/div>\n\t\t\t\t<\/div>\n\t\t\t\t\t<\/div>\n\t\t\t\t<\/div>\n\t\t\t\t<\/div>\n\t\t","protected":false},"excerpt":{"rendered":"<p>Toitures traditionnelles Nous concevons des toitures classiques en utilisant des mat\u00e9riaux de haute qualit\u00e9, tels que la tuile et l\u2019ardoise, afin d\u2019assurer une long\u00e9vit\u00e9 optimale et une parfaite int\u00e9gration \u00e0 l\u2019architecture de votre maison. Nos experts vous conseillent sur le choix des mat\u00e9riaux les plus adapt\u00e9s \u00e0 votre r\u00e9gion et \u00e0 vos pr\u00e9f\u00e9rences esth\u00e9tiques. Faites [&hellip;]<\/p>\n","protected":false},"author":9,"featured_media":0,"parent":132,"menu_order":0,"comment_status":"closed","ping_status":"closed","template":"","meta":{"footnotes":""},"_links":{"self":[{"href":"https:\/\/dev.belgawebsite.be\/toiturepro\/wp-json\/wp\/v2\/pages\/310"}],"collection":[{"href":"https:\/\/dev.belgawebsite.be\/toiturepro\/wp-json\/wp\/v2\/pages"}],"about":[{"href":"https:\/\/dev.belgawebsite.be\/toiturepro\/wp-json\/wp\/v2\/types\/page"}],"author":[{"embeddable":true,"href":"https:\/\/dev.belgawebsite.be\/toiturepro\/wp-json\/wp\/v2\/users\/9"}],"replies":[{"embeddable":true,"href":"https:\/\/dev.belgawebsite.be\/toiturepro\/wp-json\/wp\/v2\/comments?post=310"}],"version-history":[{"count":11,"href":"https:\/\/dev.belgawebsite.be\/toiturepro\/wp-json\/wp\/v2\/pages\/310\/revisions"}],"predecessor-version":[{"id":370,"href":"https:\/\/dev.belgawebsite.be\/toiturepro\/wp-json\/wp\/v2\/pages\/310\/revisions\/370"}],"up":[{"embeddable":true,"href":"https:\/\/dev.belgawebsite.be\/toiturepro\/wp-json\/wp\/v2\/pages\/132"}],"wp:attachment":[{"href":"https:\/\/dev.belgawebsite.be\/toiturepro\/wp-json\/wp\/v2\/media?parent=310"}],"curies":[{"name":"wp","href":"https:\/\/api.w.org\/{rel}","templated":true}]}}