{"id":317,"date":"2025-03-04T23:40:43","date_gmt":"2025-03-04T22:40:43","guid":{"rendered":"https:\/\/dev.belgawebsite.be\/toiturepro\/?page_id=317"},"modified":"2025-03-04T23:55:55","modified_gmt":"2025-03-04T22:55:55","slug":"entretien-nettoyage","status":"publish","type":"page","link":"https:\/\/dev.belgawebsite.be\/toiturepro\/services\/entretien-nettoyage\/","title":{"rendered":"Entretien &amp; nettoyage"},"content":{"rendered":"\t\t<div data-elementor-type=\"wp-page\" data-elementor-id=\"317\" class=\"elementor elementor-317\">\n\t\t\t\t<div class=\"elementor-element elementor-element-7ac68d0 e-flex e-con-boxed e-con e-parent\" data-id=\"7ac68d0\" data-element_type=\"container\" data-settings=\"{&quot;background_background&quot;:&quot;classic&quot;}\">\n\t\t\t\t\t<div class=\"e-con-inner\">\n\t\t<div class=\"elementor-element elementor-element-8f3d1fd e-con-full e-flex e-con e-child\" data-id=\"8f3d1fd\" data-element_type=\"container\">\n\t\t\t\t<div class=\"elementor-element elementor-element-c3a9106 animated-slow elementor-invisible elementor-widget elementor-widget-heading\" data-id=\"c3a9106\" data-element_type=\"widget\" data-settings=\"{&quot;_animation&quot;:&quot;fadeInDown&quot;,&quot;_animation_delay&quot;:&quot;200&quot;}\" data-widget_type=\"heading.default\">\n\t\t\t\t<div class=\"elementor-widget-container\">\n\t\t\t<h3 class=\"elementor-heading-title elementor-size-default\">Entretien &amp; nettoyage\n<\/h3>\t\t<\/div>\n\t\t\t\t<\/div>\n\t\t\t\t<div class=\"elementor-element elementor-element-5aa8ee2 elementor-widget-divider--view-line elementor-widget elementor-widget-divider\" data-id=\"5aa8ee2\" data-element_type=\"widget\" data-widget_type=\"divider.default\">\n\t\t\t\t<div class=\"elementor-widget-container\">\n\t\t\t\t\t<div class=\"elementor-divider\">\n\t\t\t<span class=\"elementor-divider-separator\">\n\t\t\t\t\t\t<\/span>\n\t\t<\/div>\n\t\t\t\t<\/div>\n\t\t\t\t<\/div>\n\t\t\t\t<div class=\"elementor-element elementor-element-0592a53 elementor-widget elementor-widget-spacer\" data-id=\"0592a53\" data-element_type=\"widget\" data-widget_type=\"spacer.default\">\n\t\t\t\t<div class=\"elementor-widget-container\">\n\t\t\t\t\t<div class=\"elementor-spacer\">\n\t\t\t<div class=\"elementor-spacer-inner\"><\/div>\n\t\t<\/div>\n\t\t\t\t<\/div>\n\t\t\t\t<\/div>\n\t\t\t\t<\/div>\n\t\t\t\t\t<\/div>\n\t\t\t\t<\/div>\n\t\t<div class=\"elementor-element elementor-element-a503559 e-flex e-con-boxed e-con e-parent\" data-id=\"a503559\" data-element_type=\"container\">\n\t\t\t\t\t<div class=\"e-con-inner\">\n\t\t<div class=\"elementor-element elementor-element-bb3060e e-con-full e-flex e-con e-child\" data-id=\"bb3060e\" data-element_type=\"container\">\n\t\t\t\t<div class=\"elementor-element elementor-element-a475717 elementor-widget elementor-widget-text-editor\" data-id=\"a475717\" data-element_type=\"widget\" data-widget_type=\"text-editor.default\">\n\t\t\t\t<div class=\"elementor-widget-container\">\n\t\t\t\t\t\t\t<p>Prolongez la dur\u00e9e de vie de votre toiture gr\u00e2ce \u00e0 nos services d\u2019entretien et de nettoyage professionnels. Nous \u00e9liminons les mousses, lichens et autres impuret\u00e9s qui fragilisent votre toiture et r\u00e9duisent son \u00e9tanch\u00e9it\u00e9. Nos prestations incluent le d\u00e9moussage, le traitement hydrofuge, ainsi que la v\u00e9rification et le remplacement des \u00e9l\u00e9ments endommag\u00e9s. Un entretien r\u00e9gulier garantit une toiture en parfait \u00e9tat et \u00e9vite des r\u00e9parations co\u00fbteuses \u00e0 long terme.<\/p>\t\t\t\t\t\t<\/div>\n\t\t\t\t<\/div>\n\t\t\t\t<div class=\"elementor-element elementor-element-4ef76fd elementor-widget elementor-widget-button\" data-id=\"4ef76fd\" data-element_type=\"widget\" data-widget_type=\"button.default\">\n\t\t\t\t<div class=\"elementor-widget-container\">\n\t\t\t\t\t\t\t<div class=\"elementor-button-wrapper\">\n\t\t\t\t\t<a class=\"elementor-button elementor-button-link elementor-size-sm\" href=\"https:\/\/dev.belgawebsite.be\/toiturepro\/#devis\">\n\t\t\t\t\t\t<span class=\"elementor-button-content-wrapper\">\n\t\t\t\t\t\t\t\t\t<span class=\"elementor-button-text\">Demandez un devis<\/span>\n\t\t\t\t\t<\/span>\n\t\t\t\t\t<\/a>\n\t\t\t\t<\/div>\n\t\t\t\t\t\t<\/div>\n\t\t\t\t<\/div>\n\t\t\t\t<\/div>\n\t\t<div class=\"elementor-element elementor-element-2c05ee6 e-con-full e-flex e-con e-child\" data-id=\"2c05ee6\" data-element_type=\"container\">\n\t\t\t\t<div class=\"elementor-element elementor-element-734bd5f elementor-widget elementor-widget-image\" data-id=\"734bd5f\" data-element_type=\"widget\" data-widget_type=\"image.default\">\n\t\t\t\t<div class=\"elementor-widget-container\">\n\t\t\t\t\t\t\t\t\t\t\t\t\t<img fetchpriority=\"high\" decoding=\"async\" width=\"800\" height=\"533\" src=\"https:\/\/dev.belgawebsite.be\/toiturepro\/wp-content\/uploads\/sites\/30\/2025\/02\/a-professional-master-roofer-with-hammer-repairs-2022-04-25-12-52-41-G9H4KX5-a-1024x682.jpg\" class=\"attachment-large size-large wp-image-29\" alt=\"\" srcset=\"https:\/\/dev.belgawebsite.be\/toiturepro\/wp-content\/uploads\/sites\/30\/2025\/02\/a-professional-master-roofer-with-hammer-repairs-2022-04-25-12-52-41-G9H4KX5-a-1024x682.jpg 1024w, https:\/\/dev.belgawebsite.be\/toiturepro\/wp-content\/uploads\/sites\/30\/2025\/02\/a-professional-master-roofer-with-hammer-repairs-2022-04-25-12-52-41-G9H4KX5-a-300x200.jpg 300w, https:\/\/dev.belgawebsite.be\/toiturepro\/wp-content\/uploads\/sites\/30\/2025\/02\/a-professional-master-roofer-with-hammer-repairs-2022-04-25-12-52-41-G9H4KX5-a-768x512.jpg 768w, https:\/\/dev.belgawebsite.be\/toiturepro\/wp-content\/uploads\/sites\/30\/2025\/02\/a-professional-master-roofer-with-hammer-repairs-2022-04-25-12-52-41-G9H4KX5-a.jpg 1216w\" sizes=\"(max-width: 800px) 100vw, 800px\" \/>\t\t\t\t\t\t\t\t\t\t\t\t\t<\/div>\n\t\t\t\t<\/div>\n\t\t\t\t<div class=\"elementor-element elementor-element-254a9af elementor-absolute elementor-widget elementor-widget-image\" data-id=\"254a9af\" data-element_type=\"widget\" data-settings=\"{&quot;_position&quot;:&quot;absolute&quot;}\" data-widget_type=\"image.default\">\n\t\t\t\t<div class=\"elementor-widget-container\">\n\t\t\t\t\t\t\t\t\t\t\t\t\t<img decoding=\"async\" width=\"66\" height=\"67\" src=\"https:\/\/dev.belgawebsite.be\/toiturepro\/wp-content\/uploads\/sites\/30\/2025\/03\/Fichier-5.svg\" class=\"attachment-large size-large wp-image-313\" alt=\"\" \/>\t\t\t\t\t\t\t\t\t\t\t\t\t<\/div>\n\t\t\t\t<\/div>\n\t\t\t\t<\/div>\n\t\t\t\t\t<\/div>\n\t\t\t\t<\/div>\n\t\t\t\t<\/div>\n\t\t","protected":false},"excerpt":{"rendered":"<p>Entretien &amp; nettoyage Prolongez la dur\u00e9e de vie de votre toiture gr\u00e2ce \u00e0 nos services d\u2019entretien et de nettoyage professionnels. Nous \u00e9liminons les mousses, lichens et autres impuret\u00e9s qui fragilisent votre toiture et r\u00e9duisent son \u00e9tanch\u00e9it\u00e9. Nos prestations incluent le d\u00e9moussage, le traitement hydrofuge, ainsi que la v\u00e9rification et le remplacement des \u00e9l\u00e9ments endommag\u00e9s. Un [&hellip;]<\/p>\n","protected":false},"author":9,"featured_media":0,"parent":132,"menu_order":0,"comment_status":"closed","ping_status":"closed","template":"","meta":{"footnotes":""},"_links":{"self":[{"href":"https:\/\/dev.belgawebsite.be\/toiturepro\/wp-json\/wp\/v2\/pages\/317"}],"collection":[{"href":"https:\/\/dev.belgawebsite.be\/toiturepro\/wp-json\/wp\/v2\/pages"}],"about":[{"href":"https:\/\/dev.belgawebsite.be\/toiturepro\/wp-json\/wp\/v2\/types\/page"}],"author":[{"embeddable":true,"href":"https:\/\/dev.belgawebsite.be\/toiturepro\/wp-json\/wp\/v2\/users\/9"}],"replies":[{"embeddable":true,"href":"https:\/\/dev.belgawebsite.be\/toiturepro\/wp-json\/wp\/v2\/comments?post=317"}],"version-history":[{"count":8,"href":"https:\/\/dev.belgawebsite.be\/toiturepro\/wp-json\/wp\/v2\/pages\/317\/revisions"}],"predecessor-version":[{"id":364,"href":"https:\/\/dev.belgawebsite.be\/toiturepro\/wp-json\/wp\/v2\/pages\/317\/revisions\/364"}],"up":[{"embeddable":true,"href":"https:\/\/dev.belgawebsite.be\/toiturepro\/wp-json\/wp\/v2\/pages\/132"}],"wp:attachment":[{"href":"https:\/\/dev.belgawebsite.be\/toiturepro\/wp-json\/wp\/v2\/media?parent=317"}],"curies":[{"name":"wp","href":"https:\/\/api.w.org\/{rel}","templated":true}]}}