{"id":325,"date":"2025-03-04T23:43:41","date_gmt":"2025-03-04T22:43:41","guid":{"rendered":"https:\/\/dev.belgawebsite.be\/toiturepro\/?page_id=325"},"modified":"2025-03-04T23:56:09","modified_gmt":"2025-03-04T22:56:09","slug":"charpente-en-bois","status":"publish","type":"page","link":"https:\/\/dev.belgawebsite.be\/toiturepro\/services\/charpente-en-bois\/","title":{"rendered":"Charpente en Bois"},"content":{"rendered":"\t\t<div data-elementor-type=\"wp-page\" data-elementor-id=\"325\" class=\"elementor elementor-325\">\n\t\t\t\t<div class=\"elementor-element elementor-element-2641676 e-flex e-con-boxed e-con e-parent\" data-id=\"2641676\" data-element_type=\"container\" data-settings=\"{&quot;background_background&quot;:&quot;classic&quot;}\">\n\t\t\t\t\t<div class=\"e-con-inner\">\n\t\t<div class=\"elementor-element elementor-element-73ffb8f e-con-full e-flex e-con e-child\" data-id=\"73ffb8f\" data-element_type=\"container\">\n\t\t\t\t<div class=\"elementor-element elementor-element-1197c48 animated-slow elementor-invisible elementor-widget elementor-widget-heading\" data-id=\"1197c48\" data-element_type=\"widget\" data-settings=\"{&quot;_animation&quot;:&quot;fadeInDown&quot;,&quot;_animation_delay&quot;:&quot;200&quot;}\" data-widget_type=\"heading.default\">\n\t\t\t\t<div class=\"elementor-widget-container\">\n\t\t\t<h3 class=\"elementor-heading-title elementor-size-default\">Charpente en Bois\n<\/h3>\t\t<\/div>\n\t\t\t\t<\/div>\n\t\t\t\t<div class=\"elementor-element elementor-element-13e9c8e elementor-widget-divider--view-line elementor-widget elementor-widget-divider\" data-id=\"13e9c8e\" data-element_type=\"widget\" data-widget_type=\"divider.default\">\n\t\t\t\t<div class=\"elementor-widget-container\">\n\t\t\t\t\t<div class=\"elementor-divider\">\n\t\t\t<span class=\"elementor-divider-separator\">\n\t\t\t\t\t\t<\/span>\n\t\t<\/div>\n\t\t\t\t<\/div>\n\t\t\t\t<\/div>\n\t\t\t\t<div class=\"elementor-element elementor-element-0a32d41 elementor-widget elementor-widget-spacer\" data-id=\"0a32d41\" data-element_type=\"widget\" data-widget_type=\"spacer.default\">\n\t\t\t\t<div class=\"elementor-widget-container\">\n\t\t\t\t\t<div class=\"elementor-spacer\">\n\t\t\t<div class=\"elementor-spacer-inner\"><\/div>\n\t\t<\/div>\n\t\t\t\t<\/div>\n\t\t\t\t<\/div>\n\t\t\t\t<\/div>\n\t\t\t\t\t<\/div>\n\t\t\t\t<\/div>\n\t\t<div class=\"elementor-element elementor-element-de73eac e-flex e-con-boxed e-con e-parent\" data-id=\"de73eac\" data-element_type=\"container\">\n\t\t\t\t\t<div class=\"e-con-inner\">\n\t\t<div class=\"elementor-element elementor-element-4d65ba4 e-con-full e-flex e-con e-child\" data-id=\"4d65ba4\" data-element_type=\"container\">\n\t\t\t\t<div class=\"elementor-element elementor-element-575c2f8 elementor-widget elementor-widget-text-editor\" data-id=\"575c2f8\" data-element_type=\"widget\" data-widget_type=\"text-editor.default\">\n\t\t\t\t<div class=\"elementor-widget-container\">\n\t\t\t\t\t\t\t<p>Sp\u00e9cialistes de la charpente traditionnelle et moderne, nous r\u00e9alisons la conception, l\u2019installation et la r\u00e9novation de charpentes en bois. Que ce soit pour une nouvelle construction ou une r\u00e9novation, nous assurons un travail pr\u00e9cis et robuste pour garantir solidit\u00e9 et durabilit\u00e9 \u00e0 votre toiture. Nos charpentiers qualifi\u00e9s travaillent avec des essences de bois de qualit\u00e9 pour allier esth\u00e9tique et r\u00e9sistance.<\/p>\t\t\t\t\t\t<\/div>\n\t\t\t\t<\/div>\n\t\t\t\t<div class=\"elementor-element elementor-element-d8929f4 elementor-widget elementor-widget-button\" data-id=\"d8929f4\" data-element_type=\"widget\" data-widget_type=\"button.default\">\n\t\t\t\t<div class=\"elementor-widget-container\">\n\t\t\t\t\t\t\t<div class=\"elementor-button-wrapper\">\n\t\t\t\t\t<a class=\"elementor-button elementor-button-link elementor-size-sm\" href=\"https:\/\/dev.belgawebsite.be\/toiturepro\/#devis\">\n\t\t\t\t\t\t<span class=\"elementor-button-content-wrapper\">\n\t\t\t\t\t\t\t\t\t<span class=\"elementor-button-text\">Demandez un devis<\/span>\n\t\t\t\t\t<\/span>\n\t\t\t\t\t<\/a>\n\t\t\t\t<\/div>\n\t\t\t\t\t\t<\/div>\n\t\t\t\t<\/div>\n\t\t\t\t<\/div>\n\t\t<div class=\"elementor-element elementor-element-539aec9 e-con-full e-flex e-con e-child\" data-id=\"539aec9\" data-element_type=\"container\">\n\t\t\t\t<div class=\"elementor-element elementor-element-96e5c52 elementor-widget elementor-widget-image\" data-id=\"96e5c52\" data-element_type=\"widget\" data-widget_type=\"image.default\">\n\t\t\t\t<div class=\"elementor-widget-container\">\n\t\t\t\t\t\t\t\t\t\t\t\t\t<img fetchpriority=\"high\" decoding=\"async\" width=\"800\" height=\"533\" src=\"https:\/\/dev.belgawebsite.be\/toiturepro\/wp-content\/uploads\/sites\/30\/2025\/02\/roofer-builder-working-on-roof-structure-at-constr-2021-08-28-15-56-12-LW5FL7H-a-1024x682.jpg\" class=\"attachment-large size-large wp-image-30\" alt=\"\" srcset=\"https:\/\/dev.belgawebsite.be\/toiturepro\/wp-content\/uploads\/sites\/30\/2025\/02\/roofer-builder-working-on-roof-structure-at-constr-2021-08-28-15-56-12-LW5FL7H-a-1024x682.jpg 1024w, https:\/\/dev.belgawebsite.be\/toiturepro\/wp-content\/uploads\/sites\/30\/2025\/02\/roofer-builder-working-on-roof-structure-at-constr-2021-08-28-15-56-12-LW5FL7H-a-300x200.jpg 300w, https:\/\/dev.belgawebsite.be\/toiturepro\/wp-content\/uploads\/sites\/30\/2025\/02\/roofer-builder-working-on-roof-structure-at-constr-2021-08-28-15-56-12-LW5FL7H-a-768x512.jpg 768w, https:\/\/dev.belgawebsite.be\/toiturepro\/wp-content\/uploads\/sites\/30\/2025\/02\/roofer-builder-working-on-roof-structure-at-constr-2021-08-28-15-56-12-LW5FL7H-a.jpg 1280w\" sizes=\"(max-width: 800px) 100vw, 800px\" \/>\t\t\t\t\t\t\t\t\t\t\t\t\t<\/div>\n\t\t\t\t<\/div>\n\t\t\t\t<div class=\"elementor-element elementor-element-aea748d elementor-absolute elementor-widget elementor-widget-image\" data-id=\"aea748d\" data-element_type=\"widget\" data-settings=\"{&quot;_position&quot;:&quot;absolute&quot;}\" data-widget_type=\"image.default\">\n\t\t\t\t<div class=\"elementor-widget-container\">\n\t\t\t\t\t\t\t\t\t\t\t\t\t<img decoding=\"async\" width=\"66\" height=\"67\" src=\"https:\/\/dev.belgawebsite.be\/toiturepro\/wp-content\/uploads\/sites\/30\/2025\/03\/Fichier-5.svg\" class=\"attachment-large size-large wp-image-313\" alt=\"\" \/>\t\t\t\t\t\t\t\t\t\t\t\t\t<\/div>\n\t\t\t\t<\/div>\n\t\t\t\t<\/div>\n\t\t\t\t\t<\/div>\n\t\t\t\t<\/div>\n\t\t\t\t<\/div>\n\t\t","protected":false},"excerpt":{"rendered":"<p>Charpente en Bois Sp\u00e9cialistes de la charpente traditionnelle et moderne, nous r\u00e9alisons la conception, l\u2019installation et la r\u00e9novation de charpentes en bois. Que ce soit pour une nouvelle construction ou une r\u00e9novation, nous assurons un travail pr\u00e9cis et robuste pour garantir solidit\u00e9 et durabilit\u00e9 \u00e0 votre toiture. Nos charpentiers qualifi\u00e9s travaillent avec des essences de [&hellip;]<\/p>\n","protected":false},"author":9,"featured_media":0,"parent":132,"menu_order":0,"comment_status":"closed","ping_status":"closed","template":"","meta":{"footnotes":""},"_links":{"self":[{"href":"https:\/\/dev.belgawebsite.be\/toiturepro\/wp-json\/wp\/v2\/pages\/325"}],"collection":[{"href":"https:\/\/dev.belgawebsite.be\/toiturepro\/wp-json\/wp\/v2\/pages"}],"about":[{"href":"https:\/\/dev.belgawebsite.be\/toiturepro\/wp-json\/wp\/v2\/types\/page"}],"author":[{"embeddable":true,"href":"https:\/\/dev.belgawebsite.be\/toiturepro\/wp-json\/wp\/v2\/users\/9"}],"replies":[{"embeddable":true,"href":"https:\/\/dev.belgawebsite.be\/toiturepro\/wp-json\/wp\/v2\/comments?post=325"}],"version-history":[{"count":8,"href":"https:\/\/dev.belgawebsite.be\/toiturepro\/wp-json\/wp\/v2\/pages\/325\/revisions"}],"predecessor-version":[{"id":367,"href":"https:\/\/dev.belgawebsite.be\/toiturepro\/wp-json\/wp\/v2\/pages\/325\/revisions\/367"}],"up":[{"embeddable":true,"href":"https:\/\/dev.belgawebsite.be\/toiturepro\/wp-json\/wp\/v2\/pages\/132"}],"wp:attachment":[{"href":"https:\/\/dev.belgawebsite.be\/toiturepro\/wp-json\/wp\/v2\/media?parent=325"}],"curies":[{"name":"wp","href":"https:\/\/api.w.org\/{rel}","templated":true}]}}