{"id":335,"date":"2025-03-04T23:45:54","date_gmt":"2025-03-04T22:45:54","guid":{"rendered":"https:\/\/dev.belgawebsite.be\/toiturepro\/?page_id=335"},"modified":"2025-03-04T23:56:32","modified_gmt":"2025-03-04T22:56:32","slug":"tuiles-et-ardoises","status":"publish","type":"page","link":"https:\/\/dev.belgawebsite.be\/toiturepro\/services\/tuiles-et-ardoises\/","title":{"rendered":"Tuiles et ardoises"},"content":{"rendered":"\t\t<div data-elementor-type=\"wp-page\" data-elementor-id=\"335\" class=\"elementor elementor-335\">\n\t\t\t\t<div class=\"elementor-element elementor-element-5a469b1 e-flex e-con-boxed e-con e-parent\" data-id=\"5a469b1\" data-element_type=\"container\" data-settings=\"{&quot;background_background&quot;:&quot;classic&quot;}\">\n\t\t\t\t\t<div class=\"e-con-inner\">\n\t\t<div class=\"elementor-element elementor-element-cc84ab1 e-con-full e-flex e-con e-child\" data-id=\"cc84ab1\" data-element_type=\"container\">\n\t\t\t\t<div class=\"elementor-element elementor-element-2152976 animated-slow elementor-invisible elementor-widget elementor-widget-heading\" data-id=\"2152976\" data-element_type=\"widget\" data-settings=\"{&quot;_animation&quot;:&quot;fadeInDown&quot;,&quot;_animation_delay&quot;:&quot;200&quot;}\" data-widget_type=\"heading.default\">\n\t\t\t\t<div class=\"elementor-widget-container\">\n\t\t\t<h3 class=\"elementor-heading-title elementor-size-default\">Tuiles et ardoises\n<\/h3>\t\t<\/div>\n\t\t\t\t<\/div>\n\t\t\t\t<div class=\"elementor-element elementor-element-f1d4f63 elementor-widget-divider--view-line elementor-widget elementor-widget-divider\" data-id=\"f1d4f63\" data-element_type=\"widget\" data-widget_type=\"divider.default\">\n\t\t\t\t<div class=\"elementor-widget-container\">\n\t\t\t\t\t<div class=\"elementor-divider\">\n\t\t\t<span class=\"elementor-divider-separator\">\n\t\t\t\t\t\t<\/span>\n\t\t<\/div>\n\t\t\t\t<\/div>\n\t\t\t\t<\/div>\n\t\t\t\t<div class=\"elementor-element elementor-element-641c4d6 elementor-widget elementor-widget-spacer\" data-id=\"641c4d6\" data-element_type=\"widget\" data-widget_type=\"spacer.default\">\n\t\t\t\t<div class=\"elementor-widget-container\">\n\t\t\t\t\t<div class=\"elementor-spacer\">\n\t\t\t<div class=\"elementor-spacer-inner\"><\/div>\n\t\t<\/div>\n\t\t\t\t<\/div>\n\t\t\t\t<\/div>\n\t\t\t\t<\/div>\n\t\t\t\t\t<\/div>\n\t\t\t\t<\/div>\n\t\t<div class=\"elementor-element elementor-element-241f145 e-flex e-con-boxed e-con e-parent\" data-id=\"241f145\" data-element_type=\"container\">\n\t\t\t\t\t<div class=\"e-con-inner\">\n\t\t<div class=\"elementor-element elementor-element-109ba8b e-con-full e-flex e-con e-child\" data-id=\"109ba8b\" data-element_type=\"container\">\n\t\t\t\t<div class=\"elementor-element elementor-element-e21e7da elementor-widget elementor-widget-text-editor\" data-id=\"e21e7da\" data-element_type=\"widget\" data-widget_type=\"text-editor.default\">\n\t\t\t\t<div class=\"elementor-widget-container\">\n\t\t\t\t\t\t\t<p>Optez pour un large choix de tuiles et d\u2019ardoises pour obtenir un toit esth\u00e9tique, r\u00e9sistant et adapt\u00e9 \u00e0 vos besoins. Nous proposons la pose et la r\u00e9novation de couvertures en terre cuite, b\u00e9ton ou ardoise naturelle, selon vos pr\u00e9f\u00e9rences et votre budget. Nos couvreurs experts vous garantissent un travail soign\u00e9 pour une toiture robuste et harmonieuse.<\/p>\t\t\t\t\t\t<\/div>\n\t\t\t\t<\/div>\n\t\t\t\t<div class=\"elementor-element elementor-element-f929243 elementor-widget elementor-widget-button\" data-id=\"f929243\" data-element_type=\"widget\" data-widget_type=\"button.default\">\n\t\t\t\t<div class=\"elementor-widget-container\">\n\t\t\t\t\t\t\t<div class=\"elementor-button-wrapper\">\n\t\t\t\t\t<a class=\"elementor-button elementor-button-link elementor-size-sm\" href=\"https:\/\/dev.belgawebsite.be\/toiturepro\/#devis\">\n\t\t\t\t\t\t<span class=\"elementor-button-content-wrapper\">\n\t\t\t\t\t\t\t\t\t<span class=\"elementor-button-text\">Demandez un devis<\/span>\n\t\t\t\t\t<\/span>\n\t\t\t\t\t<\/a>\n\t\t\t\t<\/div>\n\t\t\t\t\t\t<\/div>\n\t\t\t\t<\/div>\n\t\t\t\t<\/div>\n\t\t<div class=\"elementor-element elementor-element-d9e2125 e-con-full e-flex e-con e-child\" data-id=\"d9e2125\" data-element_type=\"container\">\n\t\t\t\t<div class=\"elementor-element elementor-element-e9e3d9a elementor-widget elementor-widget-image\" data-id=\"e9e3d9a\" data-element_type=\"widget\" data-widget_type=\"image.default\">\n\t\t\t\t<div class=\"elementor-widget-container\">\n\t\t\t\t\t\t\t\t\t\t\t\t\t<img fetchpriority=\"high\" decoding=\"async\" width=\"800\" height=\"533\" src=\"https:\/\/dev.belgawebsite.be\/toiturepro\/wp-content\/uploads\/sites\/30\/2025\/02\/selective-focus-of-handyman-holding-hammer-while-r-2022-11-03-03-49-46-8KB24RL-1024x682.jpg\" class=\"attachment-large size-large wp-image-26\" alt=\"\" srcset=\"https:\/\/dev.belgawebsite.be\/toiturepro\/wp-content\/uploads\/sites\/30\/2025\/02\/selective-focus-of-handyman-holding-hammer-while-r-2022-11-03-03-49-46-8KB24RL-1024x682.jpg 1024w, https:\/\/dev.belgawebsite.be\/toiturepro\/wp-content\/uploads\/sites\/30\/2025\/02\/selective-focus-of-handyman-holding-hammer-while-r-2022-11-03-03-49-46-8KB24RL-300x200.jpg 300w, https:\/\/dev.belgawebsite.be\/toiturepro\/wp-content\/uploads\/sites\/30\/2025\/02\/selective-focus-of-handyman-holding-hammer-while-r-2022-11-03-03-49-46-8KB24RL-768x512.jpg 768w, https:\/\/dev.belgawebsite.be\/toiturepro\/wp-content\/uploads\/sites\/30\/2025\/02\/selective-focus-of-handyman-holding-hammer-while-r-2022-11-03-03-49-46-8KB24RL.jpg 1280w\" sizes=\"(max-width: 800px) 100vw, 800px\" \/>\t\t\t\t\t\t\t\t\t\t\t\t\t<\/div>\n\t\t\t\t<\/div>\n\t\t\t\t<div class=\"elementor-element elementor-element-91744f4 elementor-absolute elementor-widget elementor-widget-image\" data-id=\"91744f4\" data-element_type=\"widget\" data-settings=\"{&quot;_position&quot;:&quot;absolute&quot;}\" data-widget_type=\"image.default\">\n\t\t\t\t<div class=\"elementor-widget-container\">\n\t\t\t\t\t\t\t\t\t\t\t\t\t<img decoding=\"async\" width=\"66\" height=\"67\" src=\"https:\/\/dev.belgawebsite.be\/toiturepro\/wp-content\/uploads\/sites\/30\/2025\/03\/Fichier-5.svg\" class=\"attachment-large size-large wp-image-313\" alt=\"\" \/>\t\t\t\t\t\t\t\t\t\t\t\t\t<\/div>\n\t\t\t\t<\/div>\n\t\t\t\t<\/div>\n\t\t\t\t\t<\/div>\n\t\t\t\t<\/div>\n\t\t\t\t<\/div>\n\t\t","protected":false},"excerpt":{"rendered":"<p>Tuiles et ardoises Optez pour un large choix de tuiles et d\u2019ardoises pour obtenir un toit esth\u00e9tique, r\u00e9sistant et adapt\u00e9 \u00e0 vos besoins. Nous proposons la pose et la r\u00e9novation de couvertures en terre cuite, b\u00e9ton ou ardoise naturelle, selon vos pr\u00e9f\u00e9rences et votre budget. Nos couvreurs experts vous garantissent un travail soign\u00e9 pour une [&hellip;]<\/p>\n","protected":false},"author":9,"featured_media":0,"parent":132,"menu_order":0,"comment_status":"closed","ping_status":"closed","template":"","meta":{"footnotes":""},"_links":{"self":[{"href":"https:\/\/dev.belgawebsite.be\/toiturepro\/wp-json\/wp\/v2\/pages\/335"}],"collection":[{"href":"https:\/\/dev.belgawebsite.be\/toiturepro\/wp-json\/wp\/v2\/pages"}],"about":[{"href":"https:\/\/dev.belgawebsite.be\/toiturepro\/wp-json\/wp\/v2\/types\/page"}],"author":[{"embeddable":true,"href":"https:\/\/dev.belgawebsite.be\/toiturepro\/wp-json\/wp\/v2\/users\/9"}],"replies":[{"embeddable":true,"href":"https:\/\/dev.belgawebsite.be\/toiturepro\/wp-json\/wp\/v2\/comments?post=335"}],"version-history":[{"count":8,"href":"https:\/\/dev.belgawebsite.be\/toiturepro\/wp-json\/wp\/v2\/pages\/335\/revisions"}],"predecessor-version":[{"id":373,"href":"https:\/\/dev.belgawebsite.be\/toiturepro\/wp-json\/wp\/v2\/pages\/335\/revisions\/373"}],"up":[{"embeddable":true,"href":"https:\/\/dev.belgawebsite.be\/toiturepro\/wp-json\/wp\/v2\/pages\/132"}],"wp:attachment":[{"href":"https:\/\/dev.belgawebsite.be\/toiturepro\/wp-json\/wp\/v2\/media?parent=335"}],"curies":[{"name":"wp","href":"https:\/\/api.w.org\/{rel}","templated":true}]}}