{"id":336,"date":"2025-03-04T23:46:02","date_gmt":"2025-03-04T22:46:02","guid":{"rendered":"https:\/\/dev.belgawebsite.be\/toiturepro\/?page_id=336"},"modified":"2025-03-04T23:56:45","modified_gmt":"2025-03-04T22:56:45","slug":"etancheite-de-toitures","status":"publish","type":"page","link":"https:\/\/dev.belgawebsite.be\/toiturepro\/services\/etancheite-de-toitures\/","title":{"rendered":"\u00c9tanch\u00e9it\u00e9 de Toitures"},"content":{"rendered":"\t\t<div data-elementor-type=\"wp-page\" data-elementor-id=\"336\" class=\"elementor elementor-336\">\n\t\t\t\t<div class=\"elementor-element elementor-element-f045360 e-flex e-con-boxed e-con e-parent\" data-id=\"f045360\" data-element_type=\"container\" data-settings=\"{&quot;background_background&quot;:&quot;classic&quot;}\">\n\t\t\t\t\t<div class=\"e-con-inner\">\n\t\t<div class=\"elementor-element elementor-element-a2b7a77 e-con-full e-flex e-con e-child\" data-id=\"a2b7a77\" data-element_type=\"container\">\n\t\t\t\t<div class=\"elementor-element elementor-element-3c78ced animated-slow elementor-invisible elementor-widget elementor-widget-heading\" data-id=\"3c78ced\" data-element_type=\"widget\" data-settings=\"{&quot;_animation&quot;:&quot;fadeInDown&quot;,&quot;_animation_delay&quot;:&quot;200&quot;}\" data-widget_type=\"heading.default\">\n\t\t\t\t<div class=\"elementor-widget-container\">\n\t\t\t<h3 class=\"elementor-heading-title elementor-size-default\">\u00c9tanch\u00e9it\u00e9 de Toitures\n<\/h3>\t\t<\/div>\n\t\t\t\t<\/div>\n\t\t\t\t<div class=\"elementor-element elementor-element-e8a37ae elementor-widget-divider--view-line elementor-widget elementor-widget-divider\" data-id=\"e8a37ae\" data-element_type=\"widget\" data-widget_type=\"divider.default\">\n\t\t\t\t<div class=\"elementor-widget-container\">\n\t\t\t\t\t<div class=\"elementor-divider\">\n\t\t\t<span class=\"elementor-divider-separator\">\n\t\t\t\t\t\t<\/span>\n\t\t<\/div>\n\t\t\t\t<\/div>\n\t\t\t\t<\/div>\n\t\t\t\t<div class=\"elementor-element elementor-element-e7b9c26 elementor-widget elementor-widget-spacer\" data-id=\"e7b9c26\" data-element_type=\"widget\" data-widget_type=\"spacer.default\">\n\t\t\t\t<div class=\"elementor-widget-container\">\n\t\t\t\t\t<div class=\"elementor-spacer\">\n\t\t\t<div class=\"elementor-spacer-inner\"><\/div>\n\t\t<\/div>\n\t\t\t\t<\/div>\n\t\t\t\t<\/div>\n\t\t\t\t<\/div>\n\t\t\t\t\t<\/div>\n\t\t\t\t<\/div>\n\t\t<div class=\"elementor-element elementor-element-9217080 e-flex e-con-boxed e-con e-parent\" data-id=\"9217080\" data-element_type=\"container\">\n\t\t\t\t\t<div class=\"e-con-inner\">\n\t\t<div class=\"elementor-element elementor-element-44d17d4 e-con-full e-flex e-con e-child\" data-id=\"44d17d4\" data-element_type=\"container\">\n\t\t\t\t<div class=\"elementor-element elementor-element-6654796 elementor-widget elementor-widget-text-editor\" data-id=\"6654796\" data-element_type=\"widget\" data-widget_type=\"text-editor.default\">\n\t\t\t\t<div class=\"elementor-widget-container\">\n\t\t\t\t\t\t\t<p>Nous assurons l\u2019\u00e9tanch\u00e9it\u00e9 de votre toiture pour une meilleure isolation thermique et un confort accru. Nos interventions incluent l\u2019application de membranes d\u2019\u00e9tanch\u00e9it\u00e9, le traitement hydrofuge et la v\u00e9rification des \u00e9l\u00e9ments sensibles aux infiltrations. Une bonne \u00e9tanch\u00e9it\u00e9 pr\u00e9serve la structure de votre maison et am\u00e9liore sa performance \u00e9nerg\u00e9tique.<\/p>\t\t\t\t\t\t<\/div>\n\t\t\t\t<\/div>\n\t\t\t\t<div class=\"elementor-element elementor-element-ad25b8f elementor-widget elementor-widget-button\" data-id=\"ad25b8f\" data-element_type=\"widget\" data-widget_type=\"button.default\">\n\t\t\t\t<div class=\"elementor-widget-container\">\n\t\t\t\t\t\t\t<div class=\"elementor-button-wrapper\">\n\t\t\t\t\t<a class=\"elementor-button elementor-button-link elementor-size-sm\" href=\"https:\/\/dev.belgawebsite.be\/toiturepro\/#devis\">\n\t\t\t\t\t\t<span class=\"elementor-button-content-wrapper\">\n\t\t\t\t\t\t\t\t\t<span class=\"elementor-button-text\">Demandez un devis<\/span>\n\t\t\t\t\t<\/span>\n\t\t\t\t\t<\/a>\n\t\t\t\t<\/div>\n\t\t\t\t\t\t<\/div>\n\t\t\t\t<\/div>\n\t\t\t\t<\/div>\n\t\t<div class=\"elementor-element elementor-element-18a96c7 e-con-full e-flex e-con e-child\" data-id=\"18a96c7\" data-element_type=\"container\">\n\t\t\t\t<div class=\"elementor-element elementor-element-1d0f02c elementor-widget elementor-widget-image\" data-id=\"1d0f02c\" data-element_type=\"widget\" data-widget_type=\"image.default\">\n\t\t\t\t<div class=\"elementor-widget-container\">\n\t\t\t\t\t\t\t\t\t\t\t\t\t<img fetchpriority=\"high\" decoding=\"async\" width=\"800\" height=\"533\" src=\"https:\/\/dev.belgawebsite.be\/toiturepro\/wp-content\/uploads\/sites\/30\/2025\/02\/repairman-in-helmet-holding-hammer-while-repairing-2022-11-02-03-50-58-E2M98F8-1024x682.jpg\" class=\"attachment-large size-large wp-image-27\" alt=\"\" srcset=\"https:\/\/dev.belgawebsite.be\/toiturepro\/wp-content\/uploads\/sites\/30\/2025\/02\/repairman-in-helmet-holding-hammer-while-repairing-2022-11-02-03-50-58-E2M98F8-1024x682.jpg 1024w, https:\/\/dev.belgawebsite.be\/toiturepro\/wp-content\/uploads\/sites\/30\/2025\/02\/repairman-in-helmet-holding-hammer-while-repairing-2022-11-02-03-50-58-E2M98F8-300x200.jpg 300w, https:\/\/dev.belgawebsite.be\/toiturepro\/wp-content\/uploads\/sites\/30\/2025\/02\/repairman-in-helmet-holding-hammer-while-repairing-2022-11-02-03-50-58-E2M98F8-768x512.jpg 768w, https:\/\/dev.belgawebsite.be\/toiturepro\/wp-content\/uploads\/sites\/30\/2025\/02\/repairman-in-helmet-holding-hammer-while-repairing-2022-11-02-03-50-58-E2M98F8.jpg 1280w\" sizes=\"(max-width: 800px) 100vw, 800px\" \/>\t\t\t\t\t\t\t\t\t\t\t\t\t<\/div>\n\t\t\t\t<\/div>\n\t\t\t\t<div class=\"elementor-element elementor-element-36de446 elementor-absolute elementor-widget elementor-widget-image\" data-id=\"36de446\" data-element_type=\"widget\" data-settings=\"{&quot;_position&quot;:&quot;absolute&quot;}\" data-widget_type=\"image.default\">\n\t\t\t\t<div class=\"elementor-widget-container\">\n\t\t\t\t\t\t\t\t\t\t\t\t\t<img decoding=\"async\" width=\"66\" height=\"67\" src=\"https:\/\/dev.belgawebsite.be\/toiturepro\/wp-content\/uploads\/sites\/30\/2025\/03\/Fichier-5.svg\" class=\"attachment-large size-large wp-image-313\" alt=\"\" \/>\t\t\t\t\t\t\t\t\t\t\t\t\t<\/div>\n\t\t\t\t<\/div>\n\t\t\t\t<\/div>\n\t\t\t\t\t<\/div>\n\t\t\t\t<\/div>\n\t\t\t\t<\/div>\n\t\t","protected":false},"excerpt":{"rendered":"<p>\u00c9tanch\u00e9it\u00e9 de Toitures Nous assurons l\u2019\u00e9tanch\u00e9it\u00e9 de votre toiture pour une meilleure isolation thermique et un confort accru. Nos interventions incluent l\u2019application de membranes d\u2019\u00e9tanch\u00e9it\u00e9, le traitement hydrofuge et la v\u00e9rification des \u00e9l\u00e9ments sensibles aux infiltrations. Une bonne \u00e9tanch\u00e9it\u00e9 pr\u00e9serve la structure de votre maison et am\u00e9liore sa performance \u00e9nerg\u00e9tique. Demandez un devis<\/p>\n","protected":false},"author":9,"featured_media":0,"parent":132,"menu_order":0,"comment_status":"closed","ping_status":"closed","template":"","meta":{"footnotes":""},"_links":{"self":[{"href":"https:\/\/dev.belgawebsite.be\/toiturepro\/wp-json\/wp\/v2\/pages\/336"}],"collection":[{"href":"https:\/\/dev.belgawebsite.be\/toiturepro\/wp-json\/wp\/v2\/pages"}],"about":[{"href":"https:\/\/dev.belgawebsite.be\/toiturepro\/wp-json\/wp\/v2\/types\/page"}],"author":[{"embeddable":true,"href":"https:\/\/dev.belgawebsite.be\/toiturepro\/wp-json\/wp\/v2\/users\/9"}],"replies":[{"embeddable":true,"href":"https:\/\/dev.belgawebsite.be\/toiturepro\/wp-json\/wp\/v2\/comments?post=336"}],"version-history":[{"count":8,"href":"https:\/\/dev.belgawebsite.be\/toiturepro\/wp-json\/wp\/v2\/pages\/336\/revisions"}],"predecessor-version":[{"id":379,"href":"https:\/\/dev.belgawebsite.be\/toiturepro\/wp-json\/wp\/v2\/pages\/336\/revisions\/379"}],"up":[{"embeddable":true,"href":"https:\/\/dev.belgawebsite.be\/toiturepro\/wp-json\/wp\/v2\/pages\/132"}],"wp:attachment":[{"href":"https:\/\/dev.belgawebsite.be\/toiturepro\/wp-json\/wp\/v2\/media?parent=336"}],"curies":[{"name":"wp","href":"https:\/\/api.w.org\/{rel}","templated":true}]}}